{"id":3,"date":"2022-07-05T19:45:03","date_gmt":"2022-07-05T19:45:03","guid":{"rendered":"http:\/\/uvengenheiros.com.br\/?page_id=3"},"modified":"2022-07-20T22:15:04","modified_gmt":"2022-07-20T22:15:04","slug":"privacy-policy","status":"publish","type":"page","link":"https:\/\/uvengenheiros.com.br\/?page_id=3","title":{"rendered":"Pol\u00edtica de Privacidade"},"content":{"rendered":"\t\t<div data-elementor-type=\"wp-page\" data-elementor-id=\"3\" class=\"elementor elementor-3\">\n\t\t\t\t\t\t<section class=\"elementor-section elementor-top-section elementor-element elementor-element-6323ee5f elementor-section-boxed elementor-section-height-default elementor-section-height-default\" data-id=\"6323ee5f\" data-element_type=\"section\">\n\t\t\t\t\t\t<div class=\"elementor-container elementor-column-gap-default\">\n\t\t\t\t\t<div class=\"elementor-column elementor-col-100 elementor-top-column elementor-element elementor-element-100cd1f9\" data-id=\"100cd1f9\" data-element_type=\"column\">\n\t\t\t<div class=\"elementor-widget-wrap elementor-element-populated\">\n\t\t\t\t\t\t<div class=\"elementor-element elementor-element-45ed5ed1 elementor-widget elementor-widget-text-editor\" data-id=\"45ed5ed1\" data-element_type=\"widget\" data-widget_type=\"text-editor.default\">\n\t\t\t\t<div class=\"elementor-widget-container\">\n\t\t\t\t\t\t\t\t\t<p><\/p>\n<h2 class=\"wp-block-heading\">Lei&nbsp;Geral de Prote\u00e7\u00e3o de Dados &#8211; LGPD<img decoding=\"async\" style=\"font-size: 2.06em;\" src=\"http:\/\/uvengenheiros.com.br\/wp-content\/uploads\/2022\/07\/locker-300x300.jpg\" alt=\"\" width=\"93\" height=\"93\"><\/h2>\n<div><strong style=\"text-indent: 0em; text-align: inherit;\">Fonte: <\/strong><em><span style=\"text-indent: 0em; text-align: inherit;\">Minist\u00e9rio da Cidadania. Dispon\u00edvel no site: http:\/\/<\/span><span style=\"text-align: inherit;\">https:\/\/www.gov.br\/cidadania\/pt-br\/acesso-a-informacao\/lgpd. Acesso em 06\/07\/2022.<\/span><\/em><\/div>\n<p>&nbsp;<\/p>\n<p style=\"text-align: justify;\">A&nbsp;<span style=\"font-weight: 600; font-family: rawline, helvetica, arial, sans-serif; font-size: 1.1rem; line-height: 1.75; vertical-align: baseline;\">Lei Geral de Prote\u00e7\u00e3o de Dados Pessoais (LGPD), Lei n\u00b0 13.709\/2018<\/span>, foi promulgada para proteger os direitos fundamentais de liberdade e de privacidade e a livre forma\u00e7\u00e3o da personalidade de cada indiv\u00edduo. A Lei fala sobre o tratamento de dados pessoais, dispostos em meio f\u00edsico ou digital, feito por pessoa f\u00edsica ou jur\u00eddica de direito p\u00fablico ou privado, englobando um amplo conjunto de opera\u00e7\u00f5es que podem ocorrer em meios manuais ou digitais.<\/p>\n<p style=\"text-align: justify;\">No \u00e2mbito da LGPD, o tratamento dos dados pessoais pode ser realizado por dois agentes de tratamento, o&nbsp;<span style=\"font-weight: 600; font-family: rawline, helvetica, arial, sans-serif; font-size: 1.1rem; line-height: 1.75; vertical-align: baseline;\">Controlador<\/span>&nbsp;e o&nbsp;<span style=\"font-weight: 600; font-family: rawline, helvetica, arial, sans-serif; font-size: 1.1rem; line-height: 1.75; vertical-align: baseline;\">Operador<\/span>. Al\u00e9m deles, h\u00e1 a figura do&nbsp;<span style=\"font-weight: 600; font-family: rawline, helvetica, arial, sans-serif; font-size: 1.1rem; line-height: 1.75; vertical-align: baseline;\">Encarregado<\/span>, que \u00e9 a pessoa indicada pelo Controlador para atuar como canal de comunica\u00e7\u00e3o entre o Controlador, o Operador, os(as) titulares dos dados e a Autoridade Nacional de Prote\u00e7\u00e3o de Dados (ANPD).<\/p>\n<p style=\"text-align: justify;\">Tema fundamental trabalhado pela Lei, o&nbsp;<span style=\"font-weight: 600; font-family: rawline, helvetica, arial, sans-serif; font-size: 1.1rem; line-height: 1.75; vertical-align: baseline;\">tratamento de dados<\/span>&nbsp;diz respeito a qualquer atividade que utiliza um dado pessoal na execu\u00e7\u00e3o da sua opera\u00e7\u00e3o, como, por exemplo: coleta, produ\u00e7\u00e3o, recep\u00e7\u00e3o, classifica\u00e7\u00e3o, utiliza\u00e7\u00e3o, acesso, reprodu\u00e7\u00e3o, transmiss\u00e3o, distribui\u00e7\u00e3o, processamento, arquivamento, armazenamento, elimina\u00e7\u00e3o, avalia\u00e7\u00e3o ou controle da informa\u00e7\u00e3o, modifica\u00e7\u00e3o, comunica\u00e7\u00e3o, transfer\u00eancia, difus\u00e3o ou extra\u00e7\u00e3o.<\/p>\n<p style=\"text-align: justify;\">Antes de iniciar qualquer tipo de tratamento de dados pessoais, o agente deve se certificar que a finalidade da opera\u00e7\u00e3o est\u00e1 registrada de forma clara e expl\u00edcita e os prop\u00f3sitos especificados e informados ao(\u00e0) titular dos dados. No caso do setor p\u00fablico, a principal finalidade do tratamento est\u00e1 relacionada \u00e0 execu\u00e7\u00e3o de pol\u00edticas p\u00fablicas, devidamente previstas em lei, regulamentos ou respaldadas em contratos, conv\u00eanios ou instrumentos semelhantes.<\/p>\n<p style=\"text-align: justify;\">O compartilhamento dentro da administra\u00e7\u00e3o p\u00fablica, no \u00e2mbito da execu\u00e7\u00e3o de pol\u00edticas p\u00fablicas, \u00e9 previsto na Lei e dispensa o consentimento espec\u00edfico. Contudo, o \u00f3rg\u00e3o que coleta deve informar com transpar\u00eancia qual dado ser\u00e1 compartilhado e com quem. Do outro lado, o \u00f3rg\u00e3o que solicita receber o compartilhamento precisa justificar esse acesso com base na execu\u00e7\u00e3o de uma pol\u00edtica p\u00fablica espec\u00edfica e claramente determinada, descrevendo o motivo da solicita\u00e7\u00e3o de acesso e o uso que ser\u00e1 feito com os dados. Informa\u00e7\u00f5es protegidas por sigilo seguem protegidas e sujeitas a normativos e regras espec\u00edficas. Essas e outras quest\u00f5es fundamentais devem ser observadas pelos \u00f3rg\u00e3os e entidades da administra\u00e7\u00e3o federal no sentido de assegurar a conformidade do tratamento de dados pessoais de acordo com as hip\u00f3teses legais e princ\u00edpios da LGPD.<\/p>\n<p style=\"text-align: justify;\">A Lei estabelece uma estrutura legal de direitos dos(as) titulares de dados pessoais. Esses direitos devem ser garantidos durante toda a exist\u00eancia do tratamento dos dados pessoais realizado pelo \u00f3rg\u00e3o ou entidade. Para o exerc\u00edcio dos direitos dos(as) titulares, a LGPD prev\u00ea um conjunto de ferramentas que aprofundam obriga\u00e7\u00f5es de transpar\u00eancia ativa e passiva, e criam meios processuais para mobilizar a Administra\u00e7\u00e3o P\u00fablica.<\/p>\n<p><br><\/p>\n<p style=\"text-align: justify;\">Documento base: &nbsp;<span style=\"font-weight: 600; font-family: rawline, helvetica, arial, sans-serif; font-size: 1.1rem; line-height: 1.75; vertical-align: baseline;\"><a style=\"outline: none; background-color: transparent; color: #1351b4; font-family: rawline, helvetica, arial, sans-serif; font-weight: 600; font-size: 1.1rem; line-height: 1.65; vertical-align: baseline;\" href=\"https:\/\/www.gov.br\/governodigital\/pt-br\/seguranca-e-protecao-de-dados\/guias\/guia_lgpd.pdf\" target=\"_blank\" rel=\"noopener\" data-tippreview-enabled=\"true\" data-tippreview-image=\"\" data-tippreview-title=\"\" data-tippy=\"\">Guia de Boas Pr\u00e1ticas para Implementa\u00e7\u00e3o na Administra\u00e7\u00e3o P\u00fablica Federal da Lei Geral de Prote\u00e7\u00e3o de Dados<\/a><\/span>, documento elaborado pelos diferentes \u00f3rg\u00e3os que comp\u00f5em o&nbsp;Comit\u00ea Central de Governan\u00e7a de Dados&nbsp;e que cont\u00e9m orienta\u00e7\u00f5es sobre as atribui\u00e7\u00f5es e atua\u00e7\u00e3o do Controlador, do Operador e do Encarregado, bem como da Autoridade Nacional de Prote\u00e7\u00e3o de Dados (ANPD) e versa, ainda, sobre os direitos fundamentais dos(as) cidad\u00e3os(\u00e3s) titulares dos dados, aborda hip\u00f3teses de tratamento dos dados e sua realiza\u00e7\u00e3o, indica o ciclo de vida do tratamento dos dados pessoais e apresenta boas pr\u00e1ticas em seguran\u00e7a da informa\u00e7\u00e3o.<\/p>\n<p>&nbsp;<\/p>\n<p><\/p>\n<h3 class=\"wp-block-heading\" style=\"font-style: normal; font-variant-ligatures: normal; font-variant-caps: normal;\">Princ\u00edpios da Lei Geral de Prote\u00e7\u00e3o de Dados<\/h3>\n<p><\/p>\n<p><\/p>\n<p style=\"margin-bottom: 20px; font-family: rawline, helvetica, arial, sans-serif; font-weight: 400; font-size: 16px; color: #555555; line-height: 1.75; vertical-align: baseline; font-style: normal; font-variant-ligatures: normal; font-variant-caps: normal; text-indent: 0px; text-align: justify;\">Conhe\u00e7a os princ\u00edpios que estruturam a Lei Geral de Prote\u00e7\u00e3o de Dados.<\/p>\n<p style=\"margin-bottom: 20px; font-family: rawline, helvetica, arial, sans-serif; font-weight: 400; font-size: 16px; color: #555555; line-height: 1.75; vertical-align: baseline; font-style: normal; font-variant-ligatures: normal; font-variant-caps: normal; text-indent: 0px; text-align: justify;\">As atividades de tratamento de dados pessoais dever\u00e3o observar a boa-f\u00e9 e os seguintes princ\u00edpios:<\/p>\n<h6 style=\"margin-bottom: 16px; font-family: rawline, helvetica, arial, sans-serif; font-size: 16px; color: #555555; line-height: 1.75; vertical-align: baseline; font-style: normal; font-variant-ligatures: normal; font-variant-caps: normal; text-indent: 0px; text-align: justify;\">Finalidade<span style=\"font-weight: 400;\">: a realiza\u00e7\u00e3o do tratamento deve ocorrer para prop\u00f3sitos leg\u00edtimos, espec\u00edficos, expl\u00edcitos e informados ao(\u00e0) titular, sem possibilidade de tratamento posterior de forma incompat\u00edvel com essas finalidades;<\/span><\/h6>\n<p style=\"margin-bottom: 16px; font-family: rawline, helvetica, arial, sans-serif; font-weight: 400; font-size: 16px; color: #555555; line-height: 1.75; vertical-align: baseline; font-style: normal; font-variant-ligatures: normal; font-variant-caps: normal; text-indent: 0px; text-align: justify;\"><span style=\"font-style: normal; font-variant-ligatures: normal; font-variant-caps: normal; font-family: rawline, helvetica, arial, sans-serif; font-size: 16px; font-weight: bold;\">Adequa\u00e7\u00e3o<\/span><span style=\"font-style: normal; font-variant-ligatures: normal; font-variant-caps: normal; font-weight: 400; font-size: 16px; font-family: rawline, helvetica, arial, sans-serif;\">:<\/span>&nbsp;a compatibilidade do tratamento deve ocorrer conforme as finalidades informadas ao(\u00e0) titular, de acordo com o contexto do tratamento;<\/p>\n<p style=\"margin-bottom: 20px; font-family: rawline, helvetica, arial, sans-serif; font-weight: 400; font-size: 16px; color: #555555; line-height: 1.75; vertical-align: baseline; font-style: normal; font-variant-ligatures: normal; font-variant-caps: normal; text-indent: 0px; text-align: justify;\"><span style=\"font-style: normal; font-variant-ligatures: normal; font-variant-caps: normal; font-family: rawline, helvetica, arial, sans-serif; font-size: 16px; font-weight: bold;\">Necessidade<\/span><span style=\"font-style: normal; font-variant-ligatures: normal; font-variant-caps: normal; font-weight: 400; font-size: 16px; font-family: rawline, helvetica, arial, sans-serif;\">:<\/span>&nbsp;o tratamento deve se limitar \u00e0 realiza\u00e7\u00e3o de suas finalidades, com abrang\u00eancia dos dados pertinentes, proporcionais e n\u00e3o excessivos em rela\u00e7\u00e3o \u00e0s finalidades do tratamento de dados;<\/p>\n<p style=\"margin-bottom: 20px; font-family: rawline, helvetica, arial, sans-serif; font-weight: 400; font-size: 16px; color: #555555; line-height: 1.75; vertical-align: baseline; font-style: normal; font-variant-ligatures: normal; font-variant-caps: normal; text-indent: 0px; text-align: justify;\"><span style=\"font-style: normal; font-variant-ligatures: normal; font-variant-caps: normal; font-family: rawline, helvetica, arial, sans-serif; font-size: 16px; font-weight: bold;\">Livre Acesso<\/span><span style=\"font-style: normal; font-variant-ligatures: normal; font-variant-caps: normal; font-weight: 400; font-size: 16px; font-family: rawline, helvetica, arial, sans-serif;\">:<\/span>&nbsp;\u00e9 a garantia dada aos(\u00e0s) titulares de consulta livre, de forma facilitada e gratuita, \u00e0 forma e \u00e0 dura\u00e7\u00e3o do tratamento, bem como \u00e0 integralidade de seus dados pessoais;<\/p>\n<p style=\"margin-bottom: 20px; font-family: rawline, helvetica, arial, sans-serif; font-weight: 400; font-size: 16px; color: #555555; line-height: 1.75; vertical-align: baseline; font-style: normal; font-variant-ligatures: normal; font-variant-caps: normal; text-indent: 0px; text-align: justify;\"><span style=\"font-style: normal; font-variant-ligatures: normal; font-variant-caps: normal; font-family: rawline, helvetica, arial, sans-serif; font-size: 16px; font-weight: bold;\">Qualidade dos Dados<\/span><span style=\"font-style: normal; font-variant-ligatures: normal; font-variant-caps: normal; font-weight: 400; font-size: 16px; font-family: rawline, helvetica, arial, sans-serif;\">:<\/span>&nbsp;\u00e9 a garantia dada aos(\u00e0s) titulares de exatid\u00e3o, clareza, relev\u00e2ncia e atualiza\u00e7\u00e3o dos dados, de acordo com a necessidade e para o cumprimento da finalidade de seu tratamento;<\/p>\n<p style=\"margin-bottom: 20px; font-family: rawline, helvetica, arial, sans-serif; font-weight: 400; font-size: 16px; color: #555555; line-height: 1.75; vertical-align: baseline; font-style: normal; font-variant-ligatures: normal; font-variant-caps: normal; text-indent: 0px; text-align: justify;\"><span style=\"font-style: normal; font-variant-ligatures: normal; font-variant-caps: normal; font-family: rawline, helvetica, arial, sans-serif; font-size: 16px; font-weight: bold;\">Transpar\u00eancia<\/span><span style=\"font-style: normal; font-variant-ligatures: normal; font-variant-caps: normal; font-weight: 400; font-size: 16px; font-family: rawline, helvetica, arial, sans-serif;\">:<\/span>&nbsp;\u00e9 a garantia dada aos(\u00e0s) titulares de que ter\u00e3o informa\u00e7\u00f5es claras, precisas e facilmente acess\u00edveis sobre a realiza\u00e7\u00e3o do tratamento e os respectivos agentes de tratamento, observados os segredos comercial e industrial;<\/p>\n<p style=\"margin-bottom: 20px; font-family: rawline, helvetica, arial, sans-serif; font-weight: 400; font-size: 16px; color: #555555; line-height: 1.75; vertical-align: baseline; font-style: normal; font-variant-ligatures: normal; font-variant-caps: normal; text-indent: 0px; text-align: justify;\"><span style=\"font-style: normal; font-variant-ligatures: normal; font-variant-caps: normal; font-family: rawline, helvetica, arial, sans-serif; font-size: 16px; font-weight: bold;\">Seguran\u00e7a<\/span><span style=\"font-style: normal; font-variant-ligatures: normal; font-variant-caps: normal; font-weight: 400; font-size: 16px; font-family: rawline, helvetica, arial, sans-serif;\">:<\/span>&nbsp;trata-se da utiliza\u00e7\u00e3o de medidas t\u00e9cnicas e administrativas qualificadas para proteger os dados pessoais de acessos n\u00e3o autorizados e de situa\u00e7\u00f5es acidentais ou il\u00edcitas de destrui\u00e7\u00e3o, perda, altera\u00e7\u00e3o, comunica\u00e7\u00e3o ou difus\u00e3o;<\/p>\n<p style=\"margin-bottom: 20px; font-family: rawline, helvetica, arial, sans-serif; font-weight: 400; font-size: 16px; color: #555555; line-height: 1.75; vertical-align: baseline; font-style: normal; font-variant-ligatures: normal; font-variant-caps: normal; text-indent: 0px; text-align: justify;\"><span style=\"font-style: normal; font-variant-ligatures: normal; font-variant-caps: normal; font-family: rawline, helvetica, arial, sans-serif; font-size: 16px; font-weight: bold;\">Preven\u00e7\u00e3o<\/span><span style=\"font-style: normal; font-variant-ligatures: normal; font-variant-caps: normal; font-weight: 400; font-size: 16px; font-family: rawline, helvetica, arial, sans-serif;\">:<\/span>&nbsp;compreende a ado\u00e7\u00e3o de medidas para prevenir a ocorr\u00eancia de danos por causa do tratamento de dados pessoais;<\/p>\n<p style=\"margin-bottom: 20px; font-family: rawline, helvetica, arial, sans-serif; font-weight: 400; font-size: 16px; color: #555555; line-height: 1.75; vertical-align: baseline; font-style: normal; font-variant-ligatures: normal; font-variant-caps: normal; text-indent: 0px; text-align: justify;\"><span style=\"font-style: normal; font-variant-ligatures: normal; font-variant-caps: normal; font-family: rawline, helvetica, arial, sans-serif; font-size: 16px; font-weight: bold;\">N\u00e3o Discrimina\u00e7\u00e3o<\/span><span style=\"font-style: normal; font-variant-ligatures: normal; font-variant-caps: normal; font-weight: 400; font-size: 16px; font-family: rawline, helvetica, arial, sans-serif;\">:<\/span>&nbsp;sustenta que o tratamento dos dados n\u00e3o pode ser realizado para fins discriminat\u00f3rios, il\u00edcitos ou abusivos;<\/p>\n<p style=\"margin-bottom: 20px; font-family: rawline, helvetica, arial, sans-serif; font-weight: 400; font-size: 16px; color: #555555; line-height: 1.75; vertical-align: baseline; font-style: normal; font-variant-ligatures: normal; font-variant-caps: normal; text-indent: 0px; text-align: justify;\"><span style=\"font-style: normal; font-variant-ligatures: normal; font-variant-caps: normal; font-family: rawline, helvetica, arial, sans-serif; font-size: 16px; font-weight: bold;\">Responsabiliza\u00e7\u00e3o e Presta\u00e7\u00e3o de Contas<\/span><span style=\"font-style: normal; font-variant-ligatures: normal; font-variant-caps: normal; font-weight: 400; font-size: 16px; font-family: rawline, helvetica, arial, sans-serif;\">:<\/span>&nbsp;demonstra\u00e7\u00e3o, pelo Controlador ou pelo Operador, de todas as medidas eficazes e capazes de comprovar o cumprimento da lei e a efic\u00e1cia das medidas aplicadas.<\/p>\n<p><br><\/p>\n<p style=\"margin-bottom: 20px; font-family: rawline, helvetica, arial, sans-serif; font-weight: 400; font-size: 16px; color: #555555; line-height: 1.75; vertical-align: baseline; font-style: normal; font-variant-ligatures: normal; font-variant-caps: normal; text-indent: 0px; text-align: justify;\">Outro conceito fundamental \u00e0 LGPD e que deve ser observado com muita aten\u00e7\u00e3o \u00e9 o de tratamento de dados. No&nbsp;<span style=\"font-weight: 600; font-family: rawline, helvetica, arial, sans-serif; font-size: 1.1rem; line-height: 1.75; vertical-align: baseline;\"><a style=\"outline: none; background-color: transparent; color: #1351b4; font-family: rawline, helvetica, arial, sans-serif; font-weight: 600; font-size: 1.1rem; line-height: 1.75; vertical-align: baseline;\" title=\"\" href=\"https:\/\/www.gov.br\/cidadania\/pt-br\/acesso-a-informacao\/lgpd\/glossario-de-termos-tecnicos-da-lgpd\" target=\"_blank\" rel=\"noopener\" data-tippreview-image=\"\" data-tippreview-title=\"\" data-tippreview-enabled=\"false\">GLOSS\u00c1RIO DE TERMOS T\u00c9CNICOS (https:\/\/www.gov.br\/cidadania\/pt-br\/acesso-a-informacao\/lgpd\/glossario-de-termos-tecnicos-da-lgpd<\/a><\/span>) \u00e9 poss\u00edvel tirar todas as d\u00favidas a respeito do que \u00e9 considerado tratamento no \u00e2mbito da Lei.<\/p><p style=\"margin-bottom: 20px; font-family: rawline, helvetica, arial, sans-serif; font-weight: 400; font-size: 16px; color: #555555; line-height: 1.75; vertical-align: baseline; font-style: normal; font-variant-ligatures: normal; font-variant-caps: normal; text-indent: 0px; text-align: justify;\"><br><\/p><p style=\"margin-bottom: 20px; font-family: rawline, helvetica, arial, sans-serif; font-weight: 400; font-size: 16px; color: #555555; line-height: 1.75; vertical-align: baseline; font-style: normal; font-variant-ligatures: normal; font-variant-caps: normal; text-indent: 0px; text-align: justify;\"><span style=\"color: rgb(112, 112, 112); font-family: Muli; font-size: 16px; font-style: normal; font-variant-ligatures: normal; font-variant-caps: normal; font-weight: 400;\">A fim de garantir o que a&nbsp;<\/span><span style=\"font-style: normal; font-variant-ligatures: normal; font-variant-caps: normal; font-weight: 600; font-size: 1.1rem; line-height: 1.75; font-family: rawline, helvetica, arial, sans-serif; color: rgb(112, 112, 112); vertical-align: baseline;\">Lei Geral de Prote\u00e7\u00e3o de Dados Pessoais (LGPD)<\/span><span style=\"color: rgb(112, 112, 112); font-family: Muli; font-size: 16px; font-style: normal; font-variant-ligatures: normal; font-variant-caps: normal; font-weight: 400;\">&nbsp;prescreve, a U&amp;V Engenheiros Associados vem se esfor\u00e7ando em atender tais prescri\u00e7\u00f5es, de modo que a seguran\u00e7a dos dados de seus clientes seja devidamente assegurada.<\/span><br><\/p>\n<p><\/p>\t\t\t\t\t\t\t\t<\/div>\n\t\t\t\t<\/div>\n\t\t\t\t\t<\/div>\n\t\t<\/div>\n\t\t\t\t\t<\/div>\n\t\t<\/section>\n\t\t\t\t<\/div>\n\t\t","protected":false},"excerpt":{"rendered":"<p>Lei&nbsp;Geral de Prote\u00e7\u00e3o de Dados &#8211; LGPD Fonte: Minist\u00e9rio da Cidadania. Dispon\u00edvel no site: http:\/\/https:\/\/www.gov.br\/cidadania\/pt-br\/acesso-a-informacao\/lgpd. Acesso em 06\/07\/2022. &nbsp; A&nbsp;Lei Geral de Prote\u00e7\u00e3o de Dados &hellip;<\/p>\n","protected":false},"author":1,"featured_media":0,"parent":0,"menu_order":0,"comment_status":"closed","ping_status":"closed","template":"","meta":{"om_disable_all_campaigns":false,"_monsterinsights_skip_tracking":false,"_monsterinsights_sitenote_active":false,"_monsterinsights_sitenote_note":"","_monsterinsights_sitenote_category":0,"_themeisle_gutenberg_block_has_review":false,"footnotes":""},"class_list":["post-3","page","type-page","status-publish","hentry"],"aioseo_notices":[],"_links":{"self":[{"href":"https:\/\/uvengenheiros.com.br\/index.php?rest_route=\/wp\/v2\/pages\/3","targetHints":{"allow":["GET"]}}],"collection":[{"href":"https:\/\/uvengenheiros.com.br\/index.php?rest_route=\/wp\/v2\/pages"}],"about":[{"href":"https:\/\/uvengenheiros.com.br\/index.php?rest_route=\/wp\/v2\/types\/page"}],"author":[{"embeddable":true,"href":"https:\/\/uvengenheiros.com.br\/index.php?rest_route=\/wp\/v2\/users\/1"}],"replies":[{"embeddable":true,"href":"https:\/\/uvengenheiros.com.br\/index.php?rest_route=%2Fwp%2Fv2%2Fcomments&post=3"}],"version-history":[{"count":10,"href":"https:\/\/uvengenheiros.com.br\/index.php?rest_route=\/wp\/v2\/pages\/3\/revisions"}],"predecessor-version":[{"id":2098,"href":"https:\/\/uvengenheiros.com.br\/index.php?rest_route=\/wp\/v2\/pages\/3\/revisions\/2098"}],"wp:attachment":[{"href":"https:\/\/uvengenheiros.com.br\/index.php?rest_route=%2Fwp%2Fv2%2Fmedia&parent=3"}],"curies":[{"name":"wp","href":"https:\/\/api.w.org\/{rel}","templated":true}]}}