{"id":2239,"date":"2022-10-13T21:20:32","date_gmt":"2022-10-13T21:20:32","guid":{"rendered":"https:\/\/uvengenheiros.com.br\/?page_id=2239"},"modified":"2025-02-26T01:03:09","modified_gmt":"2025-02-26T01:03:09","slug":"em-construcao-angelica-sandrini-canesso-uczak","status":"publish","type":"page","link":"https:\/\/uvengenheiros.com.br\/?page_id=2239","title":{"rendered":"Em Constru\u00e7\u00e3o &#8211; Ang\u00e9lica Sandrini Canesso Uczak"},"content":{"rendered":"\t\t<div data-elementor-type=\"wp-page\" data-elementor-id=\"2239\" class=\"elementor elementor-2239\">\n\t\t\t\t\t\t<section class=\"elementor-section elementor-top-section elementor-element elementor-element-1f23c0d elementor-section-boxed elementor-section-height-default elementor-section-height-default\" data-id=\"1f23c0d\" data-element_type=\"section\">\n\t\t\t\t\t\t<div class=\"elementor-container elementor-column-gap-default\">\n\t\t\t\t\t<div class=\"elementor-column elementor-col-100 elementor-top-column elementor-element elementor-element-361e59a\" data-id=\"361e59a\" data-element_type=\"column\">\n\t\t\t<div class=\"elementor-widget-wrap elementor-element-populated\">\n\t\t\t\t\t\t<section class=\"elementor-section elementor-inner-section elementor-element elementor-element-baeb82b elementor-section-boxed elementor-section-height-default elementor-section-height-default\" data-id=\"baeb82b\" data-element_type=\"section\">\n\t\t\t\t\t\t<div class=\"elementor-container elementor-column-gap-default\">\n\t\t\t\t\t<div class=\"elementor-column elementor-col-50 elementor-inner-column elementor-element elementor-element-9b970af\" data-id=\"9b970af\" data-element_type=\"column\">\n\t\t\t<div class=\"elementor-widget-wrap elementor-element-populated\">\n\t\t\t\t\t\t<div class=\"elementor-element elementor-element-263df89 elementor-widget elementor-widget-image\" data-id=\"263df89\" data-element_type=\"widget\" data-widget_type=\"image.default\">\n\t\t\t\t<div class=\"elementor-widget-container\">\n\t\t\t\t\t\t\t\t\t\t\t\t\t\t\t<img fetchpriority=\"high\" decoding=\"async\" width=\"760\" height=\"344\" src=\"https:\/\/uvengenheiros.com.br\/wp-content\/uploads\/2022\/07\/angelica-1024x464.jpg\" class=\"attachment-large size-large wp-image-2195\" alt=\"\" srcset=\"https:\/\/uvengenheiros.com.br\/wp-content\/uploads\/2022\/07\/angelica-1024x464.jpg 1024w, https:\/\/uvengenheiros.com.br\/wp-content\/uploads\/2022\/07\/angelica-300x136.jpg 300w, https:\/\/uvengenheiros.com.br\/wp-content\/uploads\/2022\/07\/angelica-768x348.jpg 768w, https:\/\/uvengenheiros.com.br\/wp-content\/uploads\/2022\/07\/angelica-421x191.jpg 421w, https:\/\/uvengenheiros.com.br\/wp-content\/uploads\/2022\/07\/angelica.jpg 1231w\" sizes=\"(max-width: 760px) 100vw, 760px\" \/>\t\t\t\t\t\t\t\t\t\t\t\t\t\t\t<\/div>\n\t\t\t\t<\/div>\n\t\t\t\t\t<\/div>\n\t\t<\/div>\n\t\t\t\t<div class=\"elementor-column elementor-col-50 elementor-inner-column elementor-element elementor-element-e33f5f8\" data-id=\"e33f5f8\" data-element_type=\"column\">\n\t\t\t<div class=\"elementor-widget-wrap elementor-element-populated\">\n\t\t\t\t\t\t<div class=\"elementor-element elementor-element-c50019c elementor-widget elementor-widget-heading\" data-id=\"c50019c\" data-element_type=\"widget\" data-widget_type=\"heading.default\">\n\t\t\t\t<div class=\"elementor-widget-container\">\n\t\t\t\t\t<h2 class=\"elementor-heading-title elementor-size-default\">Arq. Ang\u00e9lica Sandrino Canesso Uczak<\/h2>\t\t\t\t<\/div>\n\t\t\t\t<\/div>\n\t\t\t\t\t<\/div>\n\t\t<\/div>\n\t\t\t\t\t<\/div>\n\t\t<\/section>\n\t\t\t\t<section class=\"elementor-section elementor-inner-section elementor-element elementor-element-c4ca9e8 elementor-section-boxed elementor-section-height-default elementor-section-height-default\" data-id=\"c4ca9e8\" data-element_type=\"section\">\n\t\t\t\t\t\t<div class=\"elementor-container elementor-column-gap-default\">\n\t\t\t\t\t<div class=\"elementor-column elementor-col-50 elementor-inner-column elementor-element elementor-element-f816830\" data-id=\"f816830\" data-element_type=\"column\">\n\t\t\t<div class=\"elementor-widget-wrap elementor-element-populated\">\n\t\t\t\t\t\t<div class=\"elementor-element elementor-element-ba974f1 elementor-widget elementor-widget-image\" data-id=\"ba974f1\" data-element_type=\"widget\" data-widget_type=\"image.default\">\n\t\t\t\t<div class=\"elementor-widget-container\">\n\t\t\t\t\t\t\t\t\t\t\t\t\t\t\t<img decoding=\"async\" width=\"225\" height=\"300\" src=\"https:\/\/uvengenheiros.com.br\/wp-content\/uploads\/2022\/10\/angelica_photo-225x300.jpg\" class=\"attachment-medium size-medium wp-image-2354\" alt=\"\" srcset=\"https:\/\/uvengenheiros.com.br\/wp-content\/uploads\/2022\/10\/angelica_photo-225x300.jpg 225w, https:\/\/uvengenheiros.com.br\/wp-content\/uploads\/2022\/10\/angelica_photo.jpg 768w\" sizes=\"(max-width: 225px) 100vw, 225px\" \/>\t\t\t\t\t\t\t\t\t\t\t\t\t\t\t<\/div>\n\t\t\t\t<\/div>\n\t\t\t\t\t<\/div>\n\t\t<\/div>\n\t\t\t\t<div class=\"elementor-column elementor-col-50 elementor-inner-column elementor-element elementor-element-04b4905\" data-id=\"04b4905\" data-element_type=\"column\">\n\t\t\t<div class=\"elementor-widget-wrap elementor-element-populated\">\n\t\t\t\t\t\t<div class=\"elementor-element elementor-element-bf51d09 elementor-widget elementor-widget-text-editor\" data-id=\"bf51d09\" data-element_type=\"widget\" data-widget_type=\"text-editor.default\">\n\t\t\t\t<div class=\"elementor-widget-container\">\n\t\t\t\t\t\t\t\t\t<p>Estamos trabalhando para, muito em breve, disponibilizar o perfil desta profissional que orgulhosamente tamb\u00e9m faz parte da UV Engenheiros Ltda.!<\/p><p>Agradecemos a compreens\u00e3o e pedimos para que retorne posteriormente.<\/p>\t\t\t\t\t\t\t\t<\/div>\n\t\t\t\t<\/div>\n\t\t\t\t\t<\/div>\n\t\t<\/div>\n\t\t\t\t\t<\/div>\n\t\t<\/section>\n\t\t\t\t\t<\/div>\n\t\t<\/div>\n\t\t\t\t\t<\/div>\n\t\t<\/section>\n\t\t\t\t<\/div>\n\t\t","protected":false},"excerpt":{"rendered":"<p>Arq. Ang\u00e9lica Sandrino Canesso Uczak Estamos trabalhando para, muito em breve, disponibilizar o perfil desta profissional que orgulhosamente tamb\u00e9m faz parte da UV Engenheiros Ltda.! &hellip;<\/p>\n","protected":false},"author":1,"featured_media":0,"parent":0,"menu_order":0,"comment_status":"closed","ping_status":"closed","template":"","meta":{"om_disable_all_campaigns":false,"_monsterinsights_skip_tracking":false,"_monsterinsights_sitenote_active":false,"_monsterinsights_sitenote_note":"","_monsterinsights_sitenote_category":0,"_themeisle_gutenberg_block_has_review":false,"footnotes":""},"class_list":["post-2239","page","type-page","status-publish","hentry"],"aioseo_notices":[],"_links":{"self":[{"href":"https:\/\/uvengenheiros.com.br\/index.php?rest_route=\/wp\/v2\/pages\/2239","targetHints":{"allow":["GET"]}}],"collection":[{"href":"https:\/\/uvengenheiros.com.br\/index.php?rest_route=\/wp\/v2\/pages"}],"about":[{"href":"https:\/\/uvengenheiros.com.br\/index.php?rest_route=\/wp\/v2\/types\/page"}],"author":[{"embeddable":true,"href":"https:\/\/uvengenheiros.com.br\/index.php?rest_route=\/wp\/v2\/users\/1"}],"replies":[{"embeddable":true,"href":"https:\/\/uvengenheiros.com.br\/index.php?rest_route=%2Fwp%2Fv2%2Fcomments&post=2239"}],"version-history":[{"count":10,"href":"https:\/\/uvengenheiros.com.br\/index.php?rest_route=\/wp\/v2\/pages\/2239\/revisions"}],"predecessor-version":[{"id":2452,"href":"https:\/\/uvengenheiros.com.br\/index.php?rest_route=\/wp\/v2\/pages\/2239\/revisions\/2452"}],"wp:attachment":[{"href":"https:\/\/uvengenheiros.com.br\/index.php?rest_route=%2Fwp%2Fv2%2Fmedia&parent=2239"}],"curies":[{"name":"wp","href":"https:\/\/api.w.org\/{rel}","templated":true}]}}