{"id":2007,"date":"2022-07-08T21:22:39","date_gmt":"2022-07-08T21:22:39","guid":{"rendered":"https:\/\/uvengenheiros.com.br\/?page_id=2007"},"modified":"2025-02-26T01:13:15","modified_gmt":"2025-02-26T01:13:15","slug":"nossos-profissionais-rodrigo-uczak","status":"publish","type":"page","link":"https:\/\/uvengenheiros.com.br\/?page_id=2007","title":{"rendered":"Nossos Profissionais &#8211; Rodrigo Uczak"},"content":{"rendered":"\t\t<div data-elementor-type=\"wp-page\" data-elementor-id=\"2007\" class=\"elementor elementor-2007\">\n\t\t\t\t\t\t<section class=\"elementor-section elementor-top-section elementor-element elementor-element-1f23c0d elementor-section-boxed elementor-section-height-default elementor-section-height-default\" data-id=\"1f23c0d\" data-element_type=\"section\">\n\t\t\t\t\t\t<div class=\"elementor-container elementor-column-gap-default\">\n\t\t\t\t\t<div class=\"elementor-column elementor-col-100 elementor-top-column elementor-element elementor-element-361e59a\" data-id=\"361e59a\" data-element_type=\"column\">\n\t\t\t<div class=\"elementor-widget-wrap elementor-element-populated\">\n\t\t\t\t\t\t<section class=\"elementor-section elementor-inner-section elementor-element elementor-element-834beb3 elementor-section-boxed elementor-section-height-default elementor-section-height-default\" data-id=\"834beb3\" data-element_type=\"section\">\n\t\t\t\t\t\t<div class=\"elementor-container elementor-column-gap-default\">\n\t\t\t\t\t<div class=\"elementor-column elementor-col-50 elementor-inner-column elementor-element elementor-element-276e263\" data-id=\"276e263\" data-element_type=\"column\">\n\t\t\t<div class=\"elementor-widget-wrap elementor-element-populated\">\n\t\t\t\t\t\t<div class=\"elementor-element elementor-element-e743064 elementor-widget elementor-widget-image\" data-id=\"e743064\" data-element_type=\"widget\" data-widget_type=\"image.default\">\n\t\t\t\t<div class=\"elementor-widget-container\">\n\t\t\t\t\t\t\t\t\t\t\t\t\t\t\t<img fetchpriority=\"high\" decoding=\"async\" width=\"419\" height=\"190\" src=\"https:\/\/uvengenheiros.com.br\/wp-content\/uploads\/2022\/07\/rodrigo.jpg\" class=\"attachment-large size-large wp-image-2206\" alt=\"\" srcset=\"https:\/\/uvengenheiros.com.br\/wp-content\/uploads\/2022\/07\/rodrigo.jpg 419w, https:\/\/uvengenheiros.com.br\/wp-content\/uploads\/2022\/07\/rodrigo-300x136.jpg 300w\" sizes=\"(max-width: 419px) 100vw, 419px\" \/>\t\t\t\t\t\t\t\t\t\t\t\t\t\t\t<\/div>\n\t\t\t\t<\/div>\n\t\t\t\t\t<\/div>\n\t\t<\/div>\n\t\t\t\t<div class=\"elementor-column elementor-col-50 elementor-inner-column elementor-element elementor-element-dc7be4f\" data-id=\"dc7be4f\" data-element_type=\"column\">\n\t\t\t<div class=\"elementor-widget-wrap elementor-element-populated\">\n\t\t\t\t\t\t<div class=\"elementor-element elementor-element-5b8987e elementor-widget elementor-widget-heading\" data-id=\"5b8987e\" data-element_type=\"widget\" data-widget_type=\"heading.default\">\n\t\t\t\t<div class=\"elementor-widget-container\">\n\t\t\t\t\t<h2 class=\"elementor-heading-title elementor-size-default\">Eng. Rodrigo Uczak<\/h2>\t\t\t\t<\/div>\n\t\t\t\t<\/div>\n\t\t\t\t\t<\/div>\n\t\t<\/div>\n\t\t\t\t\t<\/div>\n\t\t<\/section>\n\t\t\t\t<section class=\"elementor-section elementor-inner-section elementor-element elementor-element-c4ca9e8 elementor-section-boxed elementor-section-height-default elementor-section-height-default\" data-id=\"c4ca9e8\" data-element_type=\"section\">\n\t\t\t\t\t\t<div class=\"elementor-container elementor-column-gap-default\">\n\t\t\t\t\t<div class=\"elementor-column elementor-col-50 elementor-inner-column elementor-element elementor-element-e8399bb\" data-id=\"e8399bb\" data-element_type=\"column\">\n\t\t\t<div class=\"elementor-widget-wrap elementor-element-populated\">\n\t\t\t\t\t\t<div class=\"elementor-element elementor-element-0645ba7 elementor-widget elementor-widget-image\" data-id=\"0645ba7\" data-element_type=\"widget\" data-widget_type=\"image.default\">\n\t\t\t\t<div class=\"elementor-widget-container\">\n\t\t\t\t\t\t\t\t\t\t\t\t\t\t\t<img decoding=\"async\" width=\"225\" height=\"300\" src=\"https:\/\/uvengenheiros.com.br\/wp-content\/uploads\/2022\/10\/rodrigo_photo-225x300.jpg\" class=\"attachment-medium size-medium wp-image-2350\" alt=\"\" srcset=\"https:\/\/uvengenheiros.com.br\/wp-content\/uploads\/2022\/10\/rodrigo_photo-225x300.jpg 225w, https:\/\/uvengenheiros.com.br\/wp-content\/uploads\/2022\/10\/rodrigo_photo.jpg 768w\" sizes=\"(max-width: 225px) 100vw, 225px\" \/>\t\t\t\t\t\t\t\t\t\t\t\t\t\t\t<\/div>\n\t\t\t\t<\/div>\n\t\t\t\t\t<\/div>\n\t\t<\/div>\n\t\t\t\t<div class=\"elementor-column elementor-col-50 elementor-inner-column elementor-element elementor-element-04b4905\" data-id=\"04b4905\" data-element_type=\"column\">\n\t\t\t<div class=\"elementor-widget-wrap elementor-element-populated\">\n\t\t\t\t\t\t<div class=\"elementor-element elementor-element-bf51d09 elementor-widget elementor-widget-text-editor\" data-id=\"bf51d09\" data-element_type=\"widget\" data-widget_type=\"text-editor.default\">\n\t\t\t\t<div class=\"elementor-widget-container\">\n\t\t\t\t\t\t\t\t\t<p>Formado na Universidade Estadual de Ponta Grossa &#8211; UEPG&nbsp; no ano de 2006 e p\u00f3s-graduado MBA em Gest\u00e3o Empresarial&nbsp; pelo Instituto Brasileiro de P\u00f3s-Gradua\u00e7\u00e3o e Extens\u00e3o &#8211; IBPEX.<\/p>\n<p>Anterior \u00e0 sua gradua\u00e7\u00e3o, atuou na empresa pontagrossense Hex\u00e1gono Construtora Ltda. em atividades de or\u00e7amento e gerenciamento de obras.&nbsp;<span style=\"text-indent: 0em; text-align: inherit;\">Atuando ent\u00e3o desde formado como projetista e profissional aut\u00f4nomo em gerenciamento de obras, elabora\u00e7\u00e3o de projetos, or\u00e7amentos, cronogramas f\u00edsico-financeiros e c\u00e1lculo estrutural, o Eng. Rodrigo Uczak tamb\u00e9m atuou como perito e respons\u00e1vel t\u00e9cnico de empresas pontagrossenses, como a Lajes Fortaleza e Construtora Correia Neto Projetos e Constru\u00e7\u00f5es, ampliando assim seus conhecimentos na \u00e1rea de projetos arquitet\u00f4nicos, estruturais em concreto armado, madeira e met\u00e1lica, bem como na \u00e1rea el\u00e9trica de baixa tens\u00e3o, hidro-sanit\u00e1ria predial e de gest\u00e3o ambiental.<\/span><\/p>\n<p>Perito de obras desde 2007, ele tamb\u00e9m ministrou o Curso de Forma\u00e7\u00e3o de Mestre de Obras pela DEMED Educa\u00e7\u00e3o, tendo finalmente ingressado no corpo docente da Faculdades CESCAGE em 2013, onde atuou na doc\u00eancia superior dos cursos de Arquitetura e Urbanismo, assim como do curso de Engenharia Civil.<\/p><p>Ainda na \u00e1rea de doc\u00eancia, pela vasta experi\u00eancia na \u00e1rea de constru\u00e7\u00e3o civil e gest\u00e3o empresarial, foi convidado a integrar o corpo docente da Faculdade UNICESUMAR, onde vem lecionando para os graduando de Engenharia Civil e Arquitetura.<\/p><p><br><\/p>\n<p>Voc\u00ea tamb\u00e9m pode consultar o curriculum completo deste profissional atrav\u00e9s do site <em>Curr\u00edculo Lattes.<\/em><\/p>\n<p><strong>http:\/\/lattes.cnpq.br\/1868711932041414<\/strong><\/p>\t\t\t\t\t\t\t\t<\/div>\n\t\t\t\t<\/div>\n\t\t\t\t\t<\/div>\n\t\t<\/div>\n\t\t\t\t\t<\/div>\n\t\t<\/section>\n\t\t\t\t\t<\/div>\n\t\t<\/div>\n\t\t\t\t\t<\/div>\n\t\t<\/section>\n\t\t\t\t<section class=\"elementor-section elementor-top-section elementor-element elementor-element-e488939 elementor-section-boxed elementor-section-height-default elementor-section-height-default\" data-id=\"e488939\" data-element_type=\"section\">\n\t\t\t\t\t\t<div class=\"elementor-container elementor-column-gap-default\">\n\t\t\t\t\t<div class=\"elementor-column elementor-col-100 elementor-top-column elementor-element elementor-element-082f014\" data-id=\"082f014\" data-element_type=\"column\">\n\t\t\t<div class=\"elementor-widget-wrap elementor-element-populated\">\n\t\t\t\t\t\t<div class=\"elementor-element elementor-element-1e5fc63 elementor-widget elementor-widget-heading\" data-id=\"1e5fc63\" data-element_type=\"widget\" data-widget_type=\"heading.default\">\n\t\t\t\t<div class=\"elementor-widget-container\">\n\t\t\t\t\t<h2 class=\"elementor-heading-title elementor-size-default\">A Atua\u00e7\u00e3o na U&amp;V Engenheiros<\/h2>\t\t\t\t<\/div>\n\t\t\t\t<\/div>\n\t\t\t\t<div class=\"elementor-element elementor-element-e615541 elementor-widget elementor-widget-text-editor\" data-id=\"e615541\" data-element_type=\"widget\" data-widget_type=\"text-editor.default\">\n\t\t\t\t<div class=\"elementor-widget-container\">\n\t\t\t\t\t\t\t\t\t<p><span style=\"text-indent: 0em; text-align: inherit;\"><b>Edifica\u00e7\u00f5es Residencial, Comercial e Industrial<\/b><\/span><\/p>\n<p style=\"font-style: normal; font-variant-ligatures: normal; font-variant-caps: normal; font-weight: 400; font-size: 16px; font-family: Muli; text-indent: 0px;\"><span style=\"text-indent: 0em; text-align: inherit;\">&#8211; Projetos Arquitet\u00f4nicos;<\/span><\/p>\n<p style=\"font-style: normal; font-variant-ligatures: normal; font-variant-caps: normal; font-weight: 400; font-size: 16px; font-family: Muli; text-indent: 0px;\">&#8211; Projetos Estruturais;<\/p>\n<p style=\"font-style: normal; font-variant-ligatures: normal; font-variant-caps: normal; font-weight: 400; font-size: 16px; font-family: Muli; text-indent: 0px;\">&#8211; Projetos El\u00e9tricos, Telefonia e Cabo;<\/p>\n<p style=\"font-style: normal; font-variant-ligatures: normal; font-variant-caps: normal; font-weight: 400; font-size: 16px; font-family: Muli; text-indent: 0px;\">&#8211; Projetos Hidro-Sanit\u00e1rios;<\/p>\n<p style=\"font-style: normal; font-variant-ligatures: normal; font-variant-caps: normal; font-weight: 400; font-size: 16px; font-family: Muli; text-indent: 0px;\">&#8211; Projetos de G\u00e1s;<\/p>\n<p style=\"font-style: normal; font-variant-ligatures: normal; font-variant-caps: normal; font-weight: 400; font-size: 16px; font-family: Muli; text-indent: 0px;\">&#8211; Projetos de Preven\u00e7\u00e3o de Inc\u00eandio;<\/p>\n<p style=\"font-style: normal; font-variant-ligatures: normal; font-variant-caps: normal; font-weight: 400; font-size: 16px; font-family: Muli; text-indent: 0px;\">&#8211; Or\u00e7amentos;<\/p>\n<p style=\"font-style: normal; font-variant-ligatures: normal; font-variant-caps: normal; font-weight: 400; font-size: 16px; font-family: Muli; text-indent: 0px;\"><span style=\"text-indent: 0em; text-align: inherit;\">&#8211; Gerenciamento de Obras;<\/span><br><\/p><p style=\"font-style: normal; font-variant-ligatures: normal; font-variant-caps: normal; font-weight: 400; font-size: 16px; font-family: Muli; text-indent: 0px;\">&#8211; Estruturas de Concreto Armado, Madeira e Met\u00e1lica.<\/p>\n<p style=\"font-style: normal; font-variant-ligatures: normal; font-variant-caps: normal; font-weight: 400; font-size: 16px; font-family: Muli; text-indent: 0px;\"><span style=\"text-indent: 0em; text-align: inherit;\"><br><\/span><\/p>\n<p style=\"font-style: normal; font-variant-ligatures: normal; font-variant-caps: normal; font-weight: 400; font-size: 16px; font-family: Muli; text-indent: 0px;\"><span style=\"font-style: normal; font-variant-ligatures: normal; font-variant-caps: normal; font-weight: bold; font-size: 16px; font-family: Muli;\">Gest\u00e3o Ambiental<\/span><\/p>\n<p style=\"font-style: normal; font-variant-ligatures: normal; font-variant-caps: normal; font-weight: 400; font-size: 16px; font-family: Muli; text-indent: 0px;\"><span style=\"font-family: Muli; font-size: 16px; font-style: normal; font-variant-ligatures: normal; font-variant-caps: normal; font-weight: 400; text-align: inherit;\">&#8211; Elabora\u00e7\u00e3o de PGRS e PGRCC.<\/span><br><\/p>\n<p style=\"font-style: normal; font-variant-ligatures: normal; font-variant-caps: normal; font-size: 16px; font-family: Muli; text-indent: 0px;\"><b><br><\/b><\/p>\n<p style=\"font-style: normal; font-variant-ligatures: normal; font-variant-caps: normal; font-weight: 400; font-size: 16px; font-family: Muli; text-indent: 0px;\"><span style=\"font-style: normal; font-variant-ligatures: normal; font-variant-caps: normal; font-weight: bold; font-size: 16px; font-family: Muli;\">Aspectos Imobili\u00e1rios<\/span><\/p>\n<p style=\"font-style: normal; font-variant-ligatures: normal; font-variant-caps: normal; font-weight: 400; font-size: 16px; font-family: Muli; text-indent: 0px;\"><span style=\"font-family: Muli; font-size: 16px; font-style: normal; font-variant-ligatures: normal; font-variant-caps: normal; font-weight: 400; text-align: inherit;\">&#8211; Regulariza\u00e7\u00e3o de Im\u00f3veis e Lotes Urbanos (desmembramentos, unifica\u00e7\u00f5es e usucapi\u00e3o).<\/span><br><\/p>\n<p style=\"font-style: normal; font-variant-ligatures: normal; font-variant-caps: normal; font-weight: 400; font-size: 16px; font-family: Muli; text-indent: 0px;\"><br><\/p>\n<p style=\"font-style: normal; font-variant-ligatures: normal; font-variant-caps: normal; font-weight: 400; font-size: 16px; font-family: Muli; text-indent: 0px;\"><strong style=\"text-indent: 0em; text-align: inherit;\"><span style=\"text-decoration-line: underline;\"><span style=\"text-indent: 0em; text-align: inherit;\">Consultoria em todos os \u00e2mbitos de atua\u00e7\u00e3o.<\/span><\/span><\/strong><\/p>\t\t\t\t\t\t\t\t<\/div>\n\t\t\t\t<\/div>\n\t\t\t\t\t<\/div>\n\t\t<\/div>\n\t\t\t\t\t<\/div>\n\t\t<\/section>\n\t\t\t\t<\/div>\n\t\t","protected":false},"excerpt":{"rendered":"<p>Eng. Rodrigo Uczak Formado na Universidade Estadual de Ponta Grossa &#8211; UEPG&nbsp; no ano de 2006 e p\u00f3s-graduado MBA em Gest\u00e3o Empresarial&nbsp; pelo Instituto Brasileiro &hellip;<\/p>\n","protected":false},"author":1,"featured_media":0,"parent":0,"menu_order":0,"comment_status":"closed","ping_status":"closed","template":"","meta":{"om_disable_all_campaigns":false,"_monsterinsights_skip_tracking":false,"_monsterinsights_sitenote_active":false,"_monsterinsights_sitenote_note":"","_monsterinsights_sitenote_category":0,"_themeisle_gutenberg_block_has_review":false,"footnotes":""},"class_list":["post-2007","page","type-page","status-publish","hentry"],"aioseo_notices":[],"_links":{"self":[{"href":"https:\/\/uvengenheiros.com.br\/index.php?rest_route=\/wp\/v2\/pages\/2007","targetHints":{"allow":["GET"]}}],"collection":[{"href":"https:\/\/uvengenheiros.com.br\/index.php?rest_route=\/wp\/v2\/pages"}],"about":[{"href":"https:\/\/uvengenheiros.com.br\/index.php?rest_route=\/wp\/v2\/types\/page"}],"author":[{"embeddable":true,"href":"https:\/\/uvengenheiros.com.br\/index.php?rest_route=\/wp\/v2\/users\/1"}],"replies":[{"embeddable":true,"href":"https:\/\/uvengenheiros.com.br\/index.php?rest_route=%2Fwp%2Fv2%2Fcomments&post=2007"}],"version-history":[{"count":33,"href":"https:\/\/uvengenheiros.com.br\/index.php?rest_route=\/wp\/v2\/pages\/2007\/revisions"}],"predecessor-version":[{"id":2461,"href":"https:\/\/uvengenheiros.com.br\/index.php?rest_route=\/wp\/v2\/pages\/2007\/revisions\/2461"}],"wp:attachment":[{"href":"https:\/\/uvengenheiros.com.br\/index.php?rest_route=%2Fwp%2Fv2%2Fmedia&parent=2007"}],"curies":[{"name":"wp","href":"https:\/\/api.w.org\/{rel}","templated":true}]}}