{"id":2005,"date":"2022-07-08T21:22:20","date_gmt":"2022-07-08T21:22:20","guid":{"rendered":"https:\/\/uvengenheiros.com.br\/?page_id=2005"},"modified":"2025-02-26T01:09:58","modified_gmt":"2025-02-26T01:09:58","slug":"nossos-profissionais-freddy-alberto-valdivia","status":"publish","type":"page","link":"https:\/\/uvengenheiros.com.br\/?page_id=2005","title":{"rendered":"Nossos Profissionais &#8211; Freddy Alberto Valdivia"},"content":{"rendered":"\t\t<div data-elementor-type=\"wp-page\" data-elementor-id=\"2005\" class=\"elementor elementor-2005\">\n\t\t\t\t\t\t<section class=\"elementor-section elementor-top-section elementor-element elementor-element-1f23c0d elementor-section-boxed elementor-section-height-default elementor-section-height-default\" data-id=\"1f23c0d\" data-element_type=\"section\">\n\t\t\t\t\t\t<div class=\"elementor-container elementor-column-gap-default\">\n\t\t\t\t\t<div class=\"elementor-column elementor-col-100 elementor-top-column elementor-element elementor-element-361e59a\" data-id=\"361e59a\" data-element_type=\"column\">\n\t\t\t<div class=\"elementor-widget-wrap elementor-element-populated\">\n\t\t\t\t\t\t<section class=\"elementor-section elementor-inner-section elementor-element elementor-element-26bbd1b elementor-section-boxed elementor-section-height-default elementor-section-height-default\" data-id=\"26bbd1b\" data-element_type=\"section\">\n\t\t\t\t\t\t<div class=\"elementor-container elementor-column-gap-default\">\n\t\t\t\t\t<div class=\"elementor-column elementor-col-50 elementor-inner-column elementor-element elementor-element-6331948\" data-id=\"6331948\" data-element_type=\"column\">\n\t\t\t<div class=\"elementor-widget-wrap elementor-element-populated\">\n\t\t\t\t\t\t<div class=\"elementor-element elementor-element-e66aea2 elementor-widget elementor-widget-image\" data-id=\"e66aea2\" data-element_type=\"widget\" data-widget_type=\"image.default\">\n\t\t\t\t<div class=\"elementor-widget-container\">\n\t\t\t\t\t\t\t\t\t\t\t\t\t\t\t<img decoding=\"async\" width=\"312\" height=\"142\" src=\"https:\/\/uvengenheiros.com.br\/wp-content\/uploads\/2022\/07\/freddy.jpg\" class=\"attachment-large size-large wp-image-2213\" alt=\"\" srcset=\"https:\/\/uvengenheiros.com.br\/wp-content\/uploads\/2022\/07\/freddy.jpg 312w, https:\/\/uvengenheiros.com.br\/wp-content\/uploads\/2022\/07\/freddy-300x137.jpg 300w, https:\/\/uvengenheiros.com.br\/wp-content\/uploads\/2022\/07\/freddy-310x142.jpg 310w\" sizes=\"(max-width: 312px) 100vw, 312px\" \/>\t\t\t\t\t\t\t\t\t\t\t\t\t\t\t<\/div>\n\t\t\t\t<\/div>\n\t\t\t\t\t<\/div>\n\t\t<\/div>\n\t\t\t\t<div class=\"elementor-column elementor-col-50 elementor-inner-column elementor-element elementor-element-c4a8630\" data-id=\"c4a8630\" data-element_type=\"column\">\n\t\t\t<div class=\"elementor-widget-wrap elementor-element-populated\">\n\t\t\t\t\t\t<div class=\"elementor-element elementor-element-5b8987e elementor-widget elementor-widget-heading\" data-id=\"5b8987e\" data-element_type=\"widget\" data-widget_type=\"heading.default\">\n\t\t\t\t<div class=\"elementor-widget-container\">\n\t\t\t\t\t<h2 class=\"elementor-heading-title elementor-size-default\">Eng. Freddy Alberto Valdivia<\/h2>\t\t\t\t<\/div>\n\t\t\t\t<\/div>\n\t\t\t\t\t<\/div>\n\t\t<\/div>\n\t\t\t\t\t<\/div>\n\t\t<\/section>\n\t\t\t\t<section class=\"elementor-section elementor-inner-section elementor-element elementor-element-c4ca9e8 elementor-section-boxed elementor-section-height-default elementor-section-height-default\" data-id=\"c4ca9e8\" data-element_type=\"section\">\n\t\t\t\t\t\t<div class=\"elementor-container elementor-column-gap-default\">\n\t\t\t\t\t<div class=\"elementor-column elementor-col-50 elementor-inner-column elementor-element elementor-element-e8399bb\" data-id=\"e8399bb\" data-element_type=\"column\">\n\t\t\t<div class=\"elementor-widget-wrap elementor-element-populated\">\n\t\t\t\t\t\t<div class=\"elementor-element elementor-element-0645ba7 elementor-widget elementor-widget-image\" data-id=\"0645ba7\" data-element_type=\"widget\" data-widget_type=\"image.default\">\n\t\t\t\t<div class=\"elementor-widget-container\">\n\t\t\t\t\t\t\t\t\t\t\t\t\t\t\t<img fetchpriority=\"high\" decoding=\"async\" width=\"225\" height=\"300\" src=\"https:\/\/uvengenheiros.com.br\/wp-content\/uploads\/2022\/07\/72167b69-4dc1-43b5-8128-36e618154edd-225x300.jpg\" class=\"attachment-medium size-medium wp-image-2021\" alt=\"\" srcset=\"https:\/\/uvengenheiros.com.br\/wp-content\/uploads\/2022\/07\/72167b69-4dc1-43b5-8128-36e618154edd-225x300.jpg 225w, https:\/\/uvengenheiros.com.br\/wp-content\/uploads\/2022\/07\/72167b69-4dc1-43b5-8128-36e618154edd.jpg 768w\" sizes=\"(max-width: 225px) 100vw, 225px\" \/>\t\t\t\t\t\t\t\t\t\t\t\t\t\t\t<\/div>\n\t\t\t\t<\/div>\n\t\t\t\t\t<\/div>\n\t\t<\/div>\n\t\t\t\t<div class=\"elementor-column elementor-col-50 elementor-inner-column elementor-element elementor-element-04b4905\" data-id=\"04b4905\" data-element_type=\"column\">\n\t\t\t<div class=\"elementor-widget-wrap elementor-element-populated\">\n\t\t\t\t\t\t<div class=\"elementor-element elementor-element-bf51d09 elementor-widget elementor-widget-text-editor\" data-id=\"bf51d09\" data-element_type=\"widget\" data-widget_type=\"text-editor.default\">\n\t\t\t\t<div class=\"elementor-widget-container\">\n\t\t\t\t\t\t\t\t\t<p>Formado na Universidade Estadual de Ponta Grossa no ano de 2006 e especializado em Gest\u00e3o e Auditoria Ambiental pelas Faculdades Uninter e Fontes Renov\u00e1veis e Arquitetura e Cidades pela Faculdade Anhanguera. No rol de cursos realizados, destacam-se os cursos de relacionamentos interpessoais (Eneagrama), Per\u00edcia Imobili\u00e1ria, Per\u00edcia Judicial, Desmonte de Rochas e p\u00f3s-gradua\u00e7\u00e3o em Per\u00edcia e Auditoria Ambiental que lhe garantiu o direito de atua\u00e7\u00e3o junto ao Tribunal de Justi\u00e7a &#8211; TJ-PR.\u00a0<\/p><p><span style=\"font-family: Muli; font-size: 16px; font-style: normal; font-variant-ligatures: normal; font-variant-caps: normal; font-weight: 400;\">No setor empresarial, atua como Presidente da C\u00e2mara de Projetos Imobili\u00e1rios &#8211; CAMPI da Associa\u00e7\u00e3o Comercial, Industrial e Empresarial de Ponta Grossa &#8211; ACIPG.<\/span><\/p><div><p><span style=\"text-indent: 0em; text-align: inherit;\">Anterior \u00e0 sua gradua\u00e7\u00e3o, atuou no Instituto de Pesquisa e Planejamento Urbano de Ponta Grossa &#8211; IPLAN em atividades de cadastramento imobili\u00e1rio, na Companhia Paranaense de Energia &#8211; COPEL, onde era integrante da equipe de an\u00e1lises de projetos e na Companhia de Saneamento do Paran\u00e1 &#8211; SANEPAR, onde atuou no setor de opera\u00e7\u00e3o e manuten\u00e7\u00e3o de redes de abastecimento de \u00e1gua de 33 localidades.<\/span><\/p><p>Nesta \u00e9poca, seu not\u00e1vel destaque foi no Grupo CCR &#8211; Rodonorte, onde atuou no Controle Tecnol\u00f3gico de Ensaios durante as restaura\u00e7\u00f5es das Rodovias BR-376, PR-090 e PR-151 no ano de 2004 e 2005 nos ensaios de pavimentos asf\u00e1lticos com pol\u00edmero de borracha e tendo padronizado e todos os ensaios de Concreto Armado e Solos desenvolvidos no laborat\u00f3rio implantado em Ponta Grossa.<\/p><p><span style=\"text-indent: 0em; text-align: inherit;\">Ap\u00f3s sua gradua\u00e7\u00e3o como Engenheiro Civil na\u00a0<\/span><span style=\"font-family: Muli; font-size: 16px; font-style: normal; font-variant-ligatures: normal; font-variant-caps: normal; font-weight: 400; text-indent: 0em; text-align: inherit;\">Universidade Estadual de Ponta Grossa<\/span><span style=\"text-indent: 0em; text-align: inherit;\">\u00a0&#8211; UEPG, fundou juntamente com outros engenheiros a empresa Fortiori Projetos e Obras de Engenharia Ltda. que desenvolveu obras residenciais e comerciais de m\u00e9dia e alta complexidade na regi\u00e3o de Ponta Grossa, Londrina e Maring\u00e1, onde atuava na administra\u00e7\u00e3o da empresa, entre outros.<\/span><\/p><p><span style=\"text-indent: 0em; text-align: inherit;\">Tamb\u00e9m trabalhou na Companhia de Saneamento do Paran\u00e1 &#8211; SANEPAR, onde atuou na an\u00e1lise de\u00a0 viabilidades t\u00e9cnicas e projetos de empreendimentos na regi\u00e3o de Ponta Grossa, Irati, Imbituva, Palmeira, Prudent\u00f3polis e adjac\u00eancias, bem como gestor e analista de contratos de redes, projetos estruturais, projetos geot\u00e9cnicos, obras de arte especiais e em processos inerentes \u00e0 manuten\u00e7\u00e3o e opera\u00e7\u00e3o de sistemas de abastecimento de \u00e1gua e esgotamento sanit\u00e1rio, chegando a atuar como Coordenador deste setor da empresa.<\/span><\/p><p>Por fim, atua como Docente dos cursos de Arquitetura e Engenharia Civil na Faculdade Anhanguera &#8211; Unidade Ponta Grossa e Docente de P\u00f3s-Gradua\u00e7\u00e3o da Especializa\u00e7\u00e3o em Engenharia de Saneamento B\u00e1sico e Ambiental, ministrando a disciplina de Opera\u00e7\u00e3o e Manuten\u00e7\u00e3o de Sistema de Esgotamento Sanit\u00e1rio, da Universidade Paulista \/ Instituto INBEC P\u00f3s-Gradua\u00e7\u00e3o, \u00e1rea em que possui destaque estadual e nacional pela sua experi\u00eancia.<\/p><p style=\"font-style: normal; font-variant-ligatures: normal; font-variant-caps: normal; font-weight: 400; font-size: 16px; font-family: Muli; text-indent: 0px;\">Voc\u00ea tamb\u00e9m pode consultar o curriculum completo deste profissional atrav\u00e9s do site\u00a0<em>Curr\u00edculo Lattes.<\/em><\/p><p style=\"font-style: normal; font-variant-ligatures: normal; font-variant-caps: normal; font-weight: 400; font-size: 16px; font-family: Muli; text-indent: 0px;\"><strong>http:\/\/lattes.cnpq.br\/254966851763827<\/strong><\/p><\/div>\t\t\t\t\t\t\t\t<\/div>\n\t\t\t\t<\/div>\n\t\t\t\t\t<\/div>\n\t\t<\/div>\n\t\t\t\t\t<\/div>\n\t\t<\/section>\n\t\t\t\t\t<\/div>\n\t\t<\/div>\n\t\t\t\t\t<\/div>\n\t\t<\/section>\n\t\t\t\t<section class=\"elementor-section elementor-top-section elementor-element elementor-element-e488939 elementor-section-boxed elementor-section-height-default elementor-section-height-default\" data-id=\"e488939\" data-element_type=\"section\">\n\t\t\t\t\t\t<div class=\"elementor-container elementor-column-gap-default\">\n\t\t\t\t\t<div class=\"elementor-column elementor-col-100 elementor-top-column elementor-element elementor-element-082f014\" data-id=\"082f014\" data-element_type=\"column\">\n\t\t\t<div class=\"elementor-widget-wrap elementor-element-populated\">\n\t\t\t\t\t\t<div class=\"elementor-element elementor-element-1e5fc63 elementor-widget elementor-widget-heading\" data-id=\"1e5fc63\" data-element_type=\"widget\" data-widget_type=\"heading.default\">\n\t\t\t\t<div class=\"elementor-widget-container\">\n\t\t\t\t\t<h2 class=\"elementor-heading-title elementor-size-default\">A Atua\u00e7\u00e3o na UV Engenheiros<\/h2>\t\t\t\t<\/div>\n\t\t\t\t<\/div>\n\t\t\t\t<div class=\"elementor-element elementor-element-e615541 elementor-widget elementor-widget-text-editor\" data-id=\"e615541\" data-element_type=\"widget\" data-widget_type=\"text-editor.default\">\n\t\t\t\t<div class=\"elementor-widget-container\">\n\t\t\t\t\t\t\t\t\t<p><strong>Edifica\u00e7\u00f5es Residencial, Comercial e Industrial<\/strong><\/p>\n<p><span style=\"text-indent: 0em; text-align: inherit;\">&#8211; Projetos Arquitet\u00f4nicos;<\/span><\/p>\n<p>&#8211; Projetos Estruturais;<\/p>\n<p>&#8211; Projetos El\u00e9tricos, Telefonia e Cabo;<\/p>\n<p>&#8211; Projetos Hidro-Sanit\u00e1rios;<\/p>\n<p>&#8211; Projetos de G\u00e1s;<\/p>\n<p>&#8211; Projetos de Impermeabiliza\u00e7\u00e3o;<\/p>\n<p>&#8211; Or\u00e7amentos;<\/p><p>&#8211; Execu\u00e7\u00e3o de Obras.<\/p><p><br><\/p>\n<p><span style=\"font-style: normal; font-variant-ligatures: normal; font-variant-caps: normal; font-weight: bold; font-size: 16px; font-family: Muli;\">Infraestrutura de Condom\u00ednios, Conjuntos Habitacionais e Loteamentos<\/span><\/p>\n<p>&#8211; Projetos Urban\u00edsticos;<\/p>\n<p>&#8211; Projetos de Redes de Abastecimento de \u00c1gua<span style=\"text-indent: 0em; text-align: inherit;\">&nbsp;(redes internas e redes externas, V\u00e1lvulas, Ventosas e Boosters);<\/span><\/p>\n<p>&#8211; Projetos de Esgotamento Sanit\u00e1rio<span style=\"font-family: Muli; font-size: 16px; font-style: normal; font-variant-ligatures: normal; font-variant-caps: normal; font-weight: 400; text-align: inherit;\">&nbsp;(redes internas e redes externas, coletores, interceptores e emiss\u00e1rios, Esta\u00e7\u00f5es Elevat\u00f3rias de Esgoto e Esta\u00e7\u00f5es de Tratamento&nbsp; de Esgoto);<\/span><\/p>\n<p><span style=\"font-family: Muli; font-size: 16px; font-style: normal; font-variant-ligatures: normal; font-variant-caps: normal; font-weight: 400; text-align: inherit;\">&#8211; Projetos de Drenagem;<\/span><\/p>\n<p><span style=\"font-family: Muli; font-size: 16px; font-style: normal; font-variant-ligatures: normal; font-variant-caps: normal; font-weight: 400; text-align: inherit;\">&#8211; Projetos de Pavimenta\u00e7\u00e3o;<\/span><\/p><p><span style=\"font-family: Muli; font-size: 16px; font-style: normal; font-variant-ligatures: normal; font-variant-caps: normal; font-weight: 400; text-align: inherit;\">&#8211; Execu\u00e7\u00e3o de Obras de Infraestrutura.<\/span><\/p>\n<p><span style=\"font-family: Muli; font-size: 16px; font-style: normal; font-variant-ligatures: normal; font-variant-caps: normal; font-weight: bold; text-indent: 0em; text-align: inherit;\">&nbsp;<\/span><\/p>\n<p><span style=\"font-family: Muli; font-size: 16px; font-style: normal; font-variant-ligatures: normal; font-variant-caps: normal; font-weight: bold; text-align: inherit; text-indent: 0em;\">Infraestrutura Urbana e Rural<\/span><\/p>\n<p>&#8211; Simula\u00e7\u00f5es hidr\u00e1ulicas;<\/p>\n<p>&#8211; Projetos de melhorias e amplia\u00e7\u00f5es para sistemas de abastecimento de \u00e1gua e esgotamento sanit\u00e1rio;<\/p>\n<p>&#8211; Desmonte de Rochas com Explosivos;<\/p><p>&#8211; Projetos Urban\u00edsticos, Estudos T\u00e9cnicos Preliminares e Consultoria.<\/p><p><br><\/p>\n<p><span style=\"font-family: Muli; font-size: 16px; font-style: normal; font-variant-ligatures: normal; font-variant-caps: normal; font-weight: bold;\">Gest\u00e3o Ambiental<\/span><\/p>\n<p>&#8211; Per\u00edcia e Auditoria Ambiental;<\/p>\n<p>&#8211; Elabora\u00e7\u00e3o de PGRS, PGRCC e documenta\u00e7\u00e3o para Outorgas e Licenciamentos Ambientais.<\/p><p><br><\/p>\n<p><span style=\"font-family: Muli; font-size: 16px; font-style: normal; font-variant-ligatures: normal; font-variant-caps: normal; font-weight: bold;\">Aspectos Imobili\u00e1rios<\/span><\/p>\n<p><span style=\"text-indent: 0em; text-align: inherit;\">&#8211; Avalia\u00e7\u00e3o Imobili\u00e1ria;<\/span><\/p>\n<p>&#8211; Regulariza\u00e7\u00e3o de Im\u00f3veis e Lotes Urbanos (desmembramentos, unifica\u00e7\u00f5es e usucapi\u00e3o).<\/p>\n<p><b><u>Consultoria em todos os \u00e2mbitos de atua\u00e7\u00e3o supramencionados.<\/u><\/b><\/p>\t\t\t\t\t\t\t\t<\/div>\n\t\t\t\t<\/div>\n\t\t\t\t\t<\/div>\n\t\t<\/div>\n\t\t\t\t\t<\/div>\n\t\t<\/section>\n\t\t\t\t<\/div>\n\t\t","protected":false},"excerpt":{"rendered":"<p>Eng. Freddy Alberto Valdivia Formado na Universidade Estadual de Ponta Grossa no ano de 2006 e especializado em Gest\u00e3o e Auditoria Ambiental pelas Faculdades Uninter &hellip;<\/p>\n","protected":false},"author":1,"featured_media":0,"parent":0,"menu_order":0,"comment_status":"closed","ping_status":"closed","template":"","meta":{"om_disable_all_campaigns":false,"_monsterinsights_skip_tracking":false,"_monsterinsights_sitenote_active":false,"_monsterinsights_sitenote_note":"","_monsterinsights_sitenote_category":0,"_themeisle_gutenberg_block_has_review":false,"footnotes":""},"class_list":["post-2005","page","type-page","status-publish","hentry"],"aioseo_notices":[],"_links":{"self":[{"href":"https:\/\/uvengenheiros.com.br\/index.php?rest_route=\/wp\/v2\/pages\/2005","targetHints":{"allow":["GET"]}}],"collection":[{"href":"https:\/\/uvengenheiros.com.br\/index.php?rest_route=\/wp\/v2\/pages"}],"about":[{"href":"https:\/\/uvengenheiros.com.br\/index.php?rest_route=\/wp\/v2\/types\/page"}],"author":[{"embeddable":true,"href":"https:\/\/uvengenheiros.com.br\/index.php?rest_route=\/wp\/v2\/users\/1"}],"replies":[{"embeddable":true,"href":"https:\/\/uvengenheiros.com.br\/index.php?rest_route=%2Fwp%2Fv2%2Fcomments&post=2005"}],"version-history":[{"count":63,"href":"https:\/\/uvengenheiros.com.br\/index.php?rest_route=\/wp\/v2\/pages\/2005\/revisions"}],"predecessor-version":[{"id":2458,"href":"https:\/\/uvengenheiros.com.br\/index.php?rest_route=\/wp\/v2\/pages\/2005\/revisions\/2458"}],"wp:attachment":[{"href":"https:\/\/uvengenheiros.com.br\/index.php?rest_route=%2Fwp%2Fv2%2Fmedia&parent=2005"}],"curies":[{"name":"wp","href":"https:\/\/api.w.org\/{rel}","templated":true}]}}